{"id":370,"date":"2019-08-17T14:58:36","date_gmt":"2019-08-17T14:58:36","guid":{"rendered":"http:\/\/timetrial.it\/?page_id=370"},"modified":"2024-08-05T07:40:38","modified_gmt":"2024-08-05T07:40:38","slug":"faq","status":"publish","type":"page","link":"https:\/\/timetrial.it\/it\/faq","title":{"rendered":"FAQ"},"content":{"rendered":"\n<p><\/p>\n\n\n\n<p>Sapete cosa significa Time Trial?<\/p>\n\n\n\n<p>Significa letteralmente CRONOMETRO. Si, perch\u00e8 Time Trial non \u00e8 una semplice cronometro ciclistica, ma \u00e8 &#8220;La cronometro&#8221;.<\/p>\n\n\n\n<p>Come funziona?<\/p>\n\n\n\n<p>Semplicissimo. Hai il tuo\/vostro orario di partenza, la tua prova finira dopo 6-12 o 24 ore, (questo dipender\u00e0 dalla corsa scelta). E per quel periodo di tempo&#8230;semplicemente&#8230;.si va a tutta!!!<\/p>\n\n\n\n<p>Dove si trova il Lago di Sant Croce?<\/p>\n\n\n\n<p>Si trova in provincia di Belluno, a pochi km dal casello autostradale di Ponte nelle Alpi o quello di Vittorio Veneto Nord, immerso nel verde delle Prealpi Venete.<\/p>\n\n\n\n<p>Il percorso \u00e8 chiuso al traffico?<\/p>\n\n\n\n<p>No, le strade sono aperte, dovrai correre rispettando il codice della strada.<\/p>\n\n\n\n<p>Il percorso \u00e8 segnalato?<\/p>\n\n\n\n<p>Si, una volta completata la registrazione ti verr\u00e0 inviata la traccia gpx del percorso di 24 km della TT. Inoltre sul percorso troverai le indicazioni da seguire.<\/p>\n\n\n\n<p>Posso correre in team?<\/p>\n\n\n\n<p>Certo che si! Puoi correre in solitario, team 2, team 4 o addirittura team 6. <\/p>\n\n\n\n<p>Chi certificher\u00e0 la mia performance?<\/p>\n\n\n\n<p>La tua gara verr\u00e0 certificata da Keepsporting Italia<\/p>\n\n\n\n<p><\/p>\n\n\n\n<p>In quanti possiamo prendere il via?<\/p>\n\n\n\n<p>La corsa \u00e8 a numero chiuso di 200 partecipanti tra solitari o teams. tradotto: non pi\u00f9 di 200 atleti sulla strada.<\/p>\n\n\n\n<p>Chi viene premiato?<\/p>\n\n\n\n<p>1\u00b0 2\u00b0 e 3\u00b0 classificato di ogni categoria e teams inoltre ogni partecipante avr\u00e0 il diploma con il risultato dei Km percorsi e della posizione in classifica, un bel ricordo da tenere in bacheca, il tutto certificato da Ultracycling Italia.<\/p>\n\n\n\n<p>Quali sono le categorie esattamente?<\/p>\n\n\n\n<p>Uomo sotto i 50 anni, donna sotto i 50 anni, uomo sopra i 50 anni, donna sopra i 50 anni, team2, team4 team6.<\/p>\n\n\n\n<p>Posso avere supporto sul percorso?<\/p>\n\n\n\n<p>No, uno dei punti chiave della gara \u00e8 proprio questo, dovrai cercare di gestire il tuo giro con il solo rifornimento fatto nell&#8217; area box, prendere il cibo che ti serve oltre all&#8217; acqua, che potrai ricevere sul percorso solo dallo staff.<\/p>\n\n\n\n<p>Perch\u00e8 dovrei scegliere di partecipare a Time Trial?<\/p>\n\n\n\n<p>Perch\u00e8 non esistono corse in Italia che possano permetterti di gareggiare alla pari, senza griglie privilegiate e senza che tu sia solo uno dei tanti. Questa \u00e8 un&#8217;esclusiva Ultracycling Italia.<\/p>\n\n\n\n<p>Come faccio ad iscrivermi?<\/p>\n\n\n\n<p>Entra su timetrial.it e scrolla fino alla fine della home page, seleziona la categoria e compila il form con attenzione, da li ti baster\u00e0 seguire le istruzioni via mail.<\/p>\n\n\n\n<p><\/p>\n\n\n\n<p>Per qualsiasi altra domanda scrivete a info.timetrial@gmail.com<\/p>\n","protected":false},"excerpt":{"rendered":"<p>Sapete cosa significa Time Trial? Significa letteralmente CRONOMETRO. Si, perch\u00e8 Time Trial non \u00e8 una semplice cronometro ciclistica, ma \u00e8 &#8220;La cronometro&#8221;. Come funziona? Semplicissimo. Hai il tuo\/vostro orario di partenza, la tua prova finira dopo 6-12 o 24 ore, (questo dipender\u00e0 dalla corsa scelta). E per quel periodo di tempo&#8230;semplicemente&#8230;.si va a tutta!!! Dove [&hellip;]<\/p>\n","protected":false},"author":1,"featured_media":0,"parent":0,"menu_order":0,"comment_status":"closed","ping_status":"closed","template":"","meta":{"saved_in_kubio":true,"om_disable_all_campaigns":false,"_locale":"it_IT","_original_post":"370","footnotes":""},"class_list":["post-370","page","type-page","status-publish","hentry","it-IT"],"aioseo_notices":[],"kubio_ai_page_context":{"short_desc":"","purpose":"general"},"_links":{"self":[{"href":"https:\/\/timetrial.it\/wp-json\/wp\/v2\/pages\/370","targetHints":{"allow":["GET"]}}],"collection":[{"href":"https:\/\/timetrial.it\/wp-json\/wp\/v2\/pages"}],"about":[{"href":"https:\/\/timetrial.it\/wp-json\/wp\/v2\/types\/page"}],"author":[{"embeddable":true,"href":"https:\/\/timetrial.it\/wp-json\/wp\/v2\/users\/1"}],"replies":[{"embeddable":true,"href":"https:\/\/timetrial.it\/wp-json\/wp\/v2\/comments?post=370"}],"version-history":[{"count":5,"href":"https:\/\/timetrial.it\/wp-json\/wp\/v2\/pages\/370\/revisions"}],"predecessor-version":[{"id":10470,"href":"https:\/\/timetrial.it\/wp-json\/wp\/v2\/pages\/370\/revisions\/10470"}],"wp:attachment":[{"href":"https:\/\/timetrial.it\/wp-json\/wp\/v2\/media?parent=370"}],"curies":[{"name":"wp","href":"https:\/\/api.w.org\/{rel}","templated":true}]}}