{"id":182,"date":"2018-12-23T19:09:45","date_gmt":"2018-12-23T19:09:45","guid":{"rendered":"http:\/\/timetrial.it\/?page_id=182"},"modified":"2025-08-04T11:13:37","modified_gmt":"2025-08-04T11:13:37","slug":"regolamento","status":"publish","type":"page","link":"https:\/\/timetrial.it\/it\/regolamento","title":{"rendered":"Regolamento"},"content":{"rendered":"\n<h2 class=\"wp-block-heading\">Regole    per ciclisti    solisti e   squadre <\/h2>\n\n\n\n<ol class=\"wp-block-list\">\n<li>Tutti i partecipanti (concorrenti e equipaggi) devono rispettare le regole della gara e devono rispettare le norme del codice stradale Italiano<\/li>\n\n\n\n<li>I ciclisti devono correre con bicicletta standard non motorizzata (da strada o da cronometro), con materiale riflettente (etichetta, gemme catarifrangenti). Le biciclette devono avere luci anteriori e posteriori. Le biciclette saranno controllate prima dell&#8217;inizio. Durante l&#8217;evento \u00e8 possibile cambiare la bici, ma tutte le bici devono essere controllate.<\/li>\n\n\n\n<li>La notte \u00e8 dalle 19:00 alle 7:00 ora locale. A quel tempo le luci anteriori (bianche) e posteriori (rosse) sono obbligatorie. Le luci devono essere in modalit\u00e0 fermo. La mancata osservanza comporter\u00e0 la squalifica, \u00e8 obbligatorio avere con se abbastanza batterie \/ accumulatori di riserva. Inoltre, le biciclette devono avere i materiali riflettenti sul telaio (forcella anteriore e forcella posteriore) e sulle ruote lateralmente. Quando la visibilit\u00e0 \u00e8 scarsa, la gestione degli eventi pu\u00f2 anche richiedere di utilizzare l&#8217;illuminazione durante un giorno.<\/li>\n\n\n\n<li>Durante l&#8217;evento i caschi sono obbligatori per tutti i ciclisti. Tutti devono indossare un casco certificato con stringhe chiuse. Se l&#8217;organizzatore fornisce adesivi sponsor per il casco, devi installarlo e indossarlo per l&#8217;intero evento. La mancata osservanza di queste regole pu\u00f2 comportare la squalifica.<\/li>\n\n\n\n<li>Qualsiasi assicurazione (incidente &#8211; responsabilit\u00e0) \u00e8 un obbligo del partecipante. E&#8217; d&#8217;obbligo avere la tessera fci o di un membro della consulta. L&#8217;organizzatore declina ogni responsabilit\u00e0 per danni \/ smarrimento \/ furto su persone e materiali. Il partecipante conferma con la propria firma sul modulo di iscrizione, che sono assicurati in caso di incidente o malattia in quantit\u00e0 e responsabilit\u00e0 sufficienti. Con la stessa firma, inoltre, riconoscono e accettano tutte le disposizioni e i contenuti di questi regolamenti.<\/li>\n\n\n\n<li>Le appendici, estensioni manubrio per cronometro sono consentite. Sono consentite ruote a disco e ruote con un numero minimo di &#8220;tre&#8221; raggi per ruota. Recumbents o altri veicoli sono vietati! In caso di dubbio, decide il direttore tecnico. Decider\u00e0 sulle basi del caso in base agli aspetti di sicurezza generale.<\/li>\n\n\n\n<li>La pubblicit\u00e0 sponsorizzata sulla maglia del ciclista \u00e8 consentita. Un allegato aggiuntivo di sponsorizzazione dello sponsor ufficiale \u00e8 obbligatorio, se cos\u00ec deciso dall&#8217;organizzatore.<\/li>\n\n\n\n<li>Il controllo di giro \u00e8 effettuato elettronicamente. Ogni ciclista ricever\u00e0 un chip attivo per la registrazione elettronica del tempo, che deve essere attaccato seguendo le Istruzioni del responsabile della Federazione Italiana Cronometristi. I chip saranno previo deposito cauzionale di 50\u20ac. Il deposito verr\u00e0 restituito al momento della restituzione del chip. Se il chip viene perso, il deposito verr\u00e0 trattenuto dal fornitore.<\/li>\n\n\n\n<li>I partecipanti devono seguire tutte le norme sulla circolazione, in quanto il circuito non \u00e8 chiuso al traffico. Sono responsabili per se stessi e per la sicurezza degli altri. In caso di guida pericolosa, mettendo se stesso o altri in pericolo a causa di stanchezza o privazione del sonno, il direttore dell&#8217;evento potr\u00e0 fermare gli atleti costringendo al riposo per 30 minuti.<\/li>\n\n\n\n<li>I veicoli di scorta e i veicoli privati di altro tipo per l&#8217;assistenza stradale sono vietati, tranne nell&#8217;area contrassegnata come zona Box e con preavviso al direttore tecnico. L&#8217; aiuto fuori dall&#8217; area contrassegnata durante l&#8217;evento non \u00e8 permesso. \u00c8 vietato farsi passare cibo \/ bottiglie durante l&#8217;evento da ciclisti senza numero di partenza, da motociclette o auto, eccetto dal veicolo organizzativo. \u00c8 consentito il farsi passare il cibo da altri ciclisti registrati con numero di partenza.<\/li>\n\n\n\n<li>E\u2019 vietato stare in scia di altri atleti o dietro veicoli motorizzati e non motorizzati di ogni tipo ed \u00e8 vietato qualsiasi accorciamento della pista, pena la squalifica.<\/li>\n\n\n\n<li>In caso di svolta sbagliata, il ciclista deve tornare sulla pista nel punto in cui ha lasciato il percorso. Questo tipo di errore deve essere segnalato immediatamente al cronometrista, indicando il numero di partenza, la posizione e l&#8217;ora di uscita dal percorso. Questo pu\u00f2 essere fatto dallo stesso ciclista o da un portavoce della squadra.<\/li>\n\n\n\n<li>Durante l&#8217;evento sono consentite molte pause, per tutti i ciclisti, se necessario. Il passaggio attraverso l&#8217;area di partenza \/ arrivo e quindi l&#8217;attivazione del cronometraggio \u00e8 consentito solo ai ciclisti che non stanno riposando.<\/li>\n\n\n\n<li>Alla fine, contano solo i giri completati. I solitari \/ squadre possono finire il giro che hanno iniziato solo se avranno il tempo di concluderlo, tenendo a riferimento il tempo di percorrenza dell&#8217; ultimo giro (esempio nel caso di corsa 24h ultimo giro in 1 ora, e ultimo passaggio in 23h00m ).In caso di brutto tempo o di eventi imprevisti, il direttore dell&#8217;evento pu\u00f2 decidere di abbreviare l&#8217;evento o interrompere. In questo caso la quota di iscrizione non pu\u00f2 essere rimborsata. Allo stesso modo, l&#8217;organizzatore non sostituir\u00e0 alcun costo per servizi inesistenti.<\/li>\n\n\n\n<li>I ciclisti o le squadre che abbandonano presto la corsa devono avvisare l&#8217;organizzatore dell&#8217;evento il pi\u00f9 presto possibile (restituendo il numero di partenza e il chip).<\/li>\n\n\n\n<li>\u00c8 vietato scrivere nulla sulle strade. Qualsiasi costo a causa di questo reato verr\u00e0 fatturato al ciclista o alla squadra. Le autorit\u00e0 gestiranno l&#8217;accusa di questo reato.<\/li>\n\n\n\n<li>I numeri di partenza saranno assegnati per ogni partecipante (solo o squadra). Ogni ciclista deve mettere il numero sulla bici secondo le istruzioni dell&#8217;organizzatore, per essere chiaramente visibile agli ufficiali \/ organizzatori. Il ciclista il cui numero non sar\u00e0 visibile, sar\u00e0 squalificato dall&#8217;evento. Questo vale anche in caso di maltempo.<\/li>\n\n\n\n<li>Il limite di velocit\u00e0 di 20 km \/ h nel rettilineo di partenza \/ arrivo sar\u00e0 rigorosamente applicato, cos\u00ec come nessun sorpasso consentito. La penalit\u00e0 per la violazione di tali regole sar\u00e0: avviso per il primo reato e ogni richiamo successivo canceller\u00e0 5 km dal chilometraggio finale del corridore raggiunto in 6, 12 o 24 ore.<\/li>\n\n\n\n<li>\u00c8 consentito passare il cibo e le bevande ai corridori singoli nello spazio designato dalla Linea di arrivo all&#8217; uscita della corsia dei box. Quindi, il corridore che vuole essere consegnato cibo \/ bevande \/ qualunque cosa, deve correre sul lato destro della pista ciclabile. I corridori solisti che non hanno bisogno di nulla e i corridori della squadra che non effettuano lo scambio durante questo giro devono rimanere sul lato sinistro della pista. Nel caso in cui un corridore diminuisca la sua velocit\u00e0 presso la linea del traguardo, gli altri possono passarlo solo sul lato sinistro. I corridori autosufficienti devono fermarsi nel loro box per prendere il loro cibo \/ bevande.<\/li>\n\n\n\n<li>La squadra \u00e8 un gruppo di 2 4 o 6 ciclisti. Ci saranno uomini, donne e squadre miste. Nella squadra mista deve essere almeno una ciclista femminile.<\/li>\n\n\n\n<li>Alla squadra \u00e8 permesso un solo ciclista sulla strada in una sola volta. Un ciclista pu\u00f2 essere cambiato in base al piano del team, ma il cambio deve avvenire nell&#8217;area di transizione. Il cambio atleta va eseguito all&#8217; interno dell&#8217; area box passandosi lI cip attivo. Il ciclista che inizia il giro deve completarlo completamente. La condivisione del giro tra pi\u00f9 ciclisti non \u00e8 consentita e comporter\u00e0 la squalifica immediata.<\/li>\n\n\n\n<li>Contestazioni contro una decisione del direttore di gara o contro altri partecipanti o squadre pu\u00f2 comportare una sanzione di 70 euro. Il pagamento, in caso di successiva risoluzione del contezioso a favore, sar\u00e0 rimborsato. La contestazione pu\u00f2 essere sporta dal ciclista stesso o dal rappresentate del team durante le fasi di gara e entro 1 ora dal termine della gara, prima della cerimonia di premiazione. Il pagamento della sanzione deve essere effettuata immediatamente in contanti, a fronte di rilascio di ricevuta.<\/li>\n\n\n\n<li>Ogni partecipante riceve un certificato che attesta la propria performance. I primi tre classificati si aggiudicano un trofeo. Tutti i partecipanti si aggiudicano un trofeo\/gadjet finisher<\/li>\n\n\n\n<li>L\u2019assegnazione di premi speciali a fronte di record, giro veloce, fair-play o altre performance eccezionali \u00e8 deciso dal direttore di gara, assieme al comitato organizzatore. Questo pu\u00f2 essere stabilito sia prima dell\u2019evento, che durante e dopo o stesso, se sussistono sufficienti ragioni a supporto.<\/li>\n\n\n\n<li>Non verranno accettate iscrizioni successive al 01 Settembre 2025<\/li>\n<\/ol>\n\n\n\n<p>26.    L\u2019obiettivo di  questo  evento  \u00e8   di  far avvicinare  alla    performance e   all\u2019ultracycling    un  pubblico    pi\u00f9 ampio.  L\u2019aspetto   economico   \u00e8   in  secondo piano.  Il  rapporto    tra prezzo\/performance  deve    essere  bilanciato, ogni    guadagno    eccedente   sar\u00e0    usato   per supportare  altri   eventi  sportivi.   <\/p>\n\n\n\n<p>Regole    generali    <br> Dato    che \u00e8   impossibile prevedere   tutto   in  anticipo    nel regolamento generale,   i   casi    speciali    saranno esaminati   caso    per caso    dall\u2019organizzazione.    Ci  sono    avvertimenti,   penalit\u00e0,   multe   e   squalifiche.    In  caso    di  immediata   squalifica  dall\u2019evento,    non \u00e8   previsto    alcun   rimborso.   <br> Sicurezza,    sportivit\u00e0  e   fair-play   sono    i   valori  generali    di  base    dell\u2019evento,    e   si  aspetta vengano rispettati  dai ciclisti    e   dai loro    compagni,   ma  anche   dall\u2019organizzazione dell\u2019evento.    I   singoli ciclisti    o   capitani    dei team    sono    anche   responsabili    per i   propri  compagni.   Anche   la  cattiva condotta    del compagno    pu\u00f2 portare alla    squalifica  del partecipante    all\u2019evento.     <\/p>\n\n\n\n<h4 class=\"wp-block-heading\">REGULATION    (english    version)    <\/h4>\n\n\n\n<p>Rules    for solo    cyclists    and teams   <\/p>\n\n\n\n<ol class=\"wp-block-list\">\n<li>All participants (competitors and crews) must obey the rules of the ultramarathon and they must obey road traffic regulations of Italy.<\/li>\n\n\n\n<li>Cyclists must ride unmotorised standard (road, time-trial) bike, with reflective material (label, cat&#8217;s eye). Bikes must have front and rear lights. Bikes will be checked before the start. During the event you can change the bike, but all the bikes have to be checked.<\/li>\n\n\n\n<li>Night time is from 19:00 to 7:00 local time. At that time front (white) and rear (red) lights are mandatory. The lights must be on still mode. Failure to observe will result in disqualification, take enough spare batteries \/ accumulators. Additionally, bicycles must have the reflective materials on the frame (front fork and back fork) and on the wheels laterally. When visibility is poor, the event management can also demand to use the lighting during a day.<\/li>\n\n\n\n<li>During the event helmets are mandatory for all cyclists. Everyone has to wear a hardshell certificated helmet, with strings closed. If organiser provide sponsor stickers for the helmet, you have to install it and wear it the entire event. Failure to follow these rules may result in disqualification.<\/li>\n\n\n\n<li>Any (accident &#8211; Liability) Insurance is an obligation of the participant. The organizer declines any liability for damage \/ loss \/ theft on man and material. The participant confirms with their signature on the registration form, that they are insured in case of accident or illness in a sufficient amount and responsibility. By the same signature they also acknowledge and agree to all provisions and contents of these regulations.<\/li>\n\n\n\n<li>Handlebar extensions or time trial handlebars are permitted. Disc wheels as well as wheels with a minimum number of &#8220;three&#8221; spokes per wheel are allowed. Recumbents or other vehicles are prohibited! When in doubt, the technical director decides. He will be deciding on case to case bases according to the aspects of securing the general safety.<\/li>\n\n\n\n<li>Sponsor advertising on the cyclist jersey is allowed. An additional attachment of sponsor advertising of the official sponsor is obligatory, if so decided by the organizer.<\/li>\n\n\n\n<li>The lap control is carried out electronically. Each cyclist will receive a chip for electronic time recording, which is to be attached by the instruction of the timekeeper. The chips will be provided for rental of 50\u20ac and a deposit has to be paid in the amount determined by the provider. The deposit will be returned upon return of the chip. If the chip is lost, the deposit stays with the provider.<\/li>\n\n\n\n<li>The participants have to follow all traffic regulations, as the circuit is not closed for traffic. They are responsible for their own and the safety of others. In case of dangerous riding, putting yourself or others in danger because of tiredness or sleep deprivation, event director will stop you and put you to 30 minute rest.<\/li>\n\n\n\n<li>The escort vehicles and private vehicles of other type for roadside assistance are prohibited, except at the marked feed-zone area and with notice to technical director. The foreign aid during the event is not permitted. It is forbidden to take food\/bottles during the event from the cyclist <br>without starting number, from motorcycles or cars, except from organisers vehicle. A food handoff from other registered cyclist with starting number is allowed.<\/li>\n\n\n\n<li>Slipstreaming behind motorized and non-motorized vehicles of all kinds is prohibited and it is prohibited also any shortening of the route, under penalty of disqualification.<\/li>\n\n\n\n<li>In case of taking the wrong turn, cyclist must return to the track route at the sam place where he\/she left the route. That kind of mistake must be reported immediately to the timekeeper, stating the starting number, the location and the time of leaving the route. This can be done by the cyclist himself, or the team spokesman.<\/li>\n\n\n\n<li>During the event as many breaks are allowed, for all cyclists, as needed. The passage through the start\/finish area and thus triggering the timekeeping is only permitted for cyclists which are not resting.<\/li>\n\n\n\n<li>In the end, only the completed laps count. The loners \/ teams can finish the round that they have started only if they have time to finish it, keeping in mind the travel time of the last lap (example in the case of 24h race last lap in 1 hour, and last pass in 23h00m). In the event of bad weather or unforeseen events, the event director may decide to shorten the event or interrupt. In this case the registration fee cannot be refunded. Likewise, the organizer will not replace any costs for non-existent services.<\/li>\n\n\n\n<li>In extremely bad weather or unforeseen events, the event director may decide to shorten the event or discontinue. The entry fee can not be refunded in this case. Likewise, there will be no cost substitute for non-existent services by the organizer.<\/li>\n\n\n\n<li>Cyclists or teams that give up the ultramarathon early on, have to notify the event organizer as soon as possible (returning the starting number and chip).<\/li>\n\n\n\n<li>It is forbidden to write anything on the roads. Any costs because of this offence will be billed to the cyclist or the team. The authorities will handle the prosecution of this offence.<\/li>\n\n\n\n<li>The starting numbers will be assigned for every participant (solo or team). Each cyclist has to put the number on the bike according to instructions by the organizer, to be clearly visible to the officials \/organizers. Cyclist who&#8217;s number will not be visible, will be disqualified from the event. This also applies in case of bad weather.<\/li>\n\n\n\n<li>The speed limit of 20km\/h in the Start\/Finish straight will be strictly enforced, as well as no overtaking allowed. The penalty for violating those rules will be: warning for the first offence and every next offence will erase 5km from the racer&#8217;s final mileage achieved in 6, 12 or 24 hours.<\/li>\n\n\n\n<li>Passing the food and drinks to solo racers is allowed in the designated space from the Finish Line to the first turn, and only the right side of the road, the racer who wants to be handed food\/drinks\/whatever, has to ride on the right side of the track. The solo racers who don&#8217;t need anything and team racers who don&#8217;t do the exchange during this lap have to stay on the left side of the track. In case that a racer decreases his\/her speed for the handout, the others may pass him only on the left side. Self-supported racers have to stop in their box to take their food\/drinks.<\/li>\n\n\n\n<li>Team is a group of 4 cyclists. There will be mens, women\u2019s and mixed teams. In mixed team has to be at least one female cyclist.<\/li>\n\n\n\n<li>The team is only allowed one cyclist on the road at once. A cyclist can be changed according to team plan, but the change must take place in the transition area. The change must be performed <br>gibving the gps tracker. The event management reserves the right of provision for this rule &#8211; even during the event \u2013 but has to inform the teams in a timely manner of the change. The cyclist who starts the lap has to also finish it completely. Lap sharing among several cyclists is not allowed and will result in immediate disqualification !!!!!<\/li>\n\n\n\n<li>Protests against a decision of the Event Director or against the other participants or a team is possible for a fee of 70, &#8211; Euro. The deposit in the event of positive solutions to complaints is reimbursed. The protest may be introduced by the cyclist himself, or by the team spokesperson during racing phase and until 1 hour after the finish, before the ceremony. The payment of the fee has to be made immediately and in cash, against receipts.<\/li>\n\n\n\n<li>Each participant receives a certificate about his \/ her performance. First three finishers get a trophy. All participants will get a medal. The awarding of prizes to records, the fastest laps, fair-play or exceptional performance, is decided by the event director together with the organising committee. This is presented either before the event, or during or after the event, when sufficient reasons exist.<\/li>\n\n\n\n<li>The registration term is 01St September 2025<\/li>\n<\/ol>\n\n\n\n<p>26.    The objective   of  this    event   is  to  bring   performance and ultra   cycling closer  to  a   wider   public. Financial   aspects are in  the background. The ratio   price   \/   performance is  to  be  balanced,   any cash    surplus will    be  used    for other   sporting    event.  <\/p>\n\n\n\n<p>General    rules   <br> Since    it  is  impossible  to  foresee everything  in  advance in  general regulations special cases   are to  be  decided case    by  case    by  the event   organizers. There   are warnings,   time    penalties,  fines   and disqualifications.  In  a   case    of  immediate   disqualification    from    the event,  there   is  no  compensation    of  any kind.   <br> Safety,    sportsmanship   and fair-play   are the general values, expected    both    by  cyclist and by  their   companions, but also    by  the event   management. The respective  cyclist or  team    captain is  also    responsible for the behaviors   of  his companions.Eve  the misconduct of the companion can lead to disqualification of the event participant. <\/p>\n","protected":false},"excerpt":{"rendered":"<p>Regole per ciclisti solisti e squadre 26. L\u2019obiettivo di questo evento \u00e8 di far avvicinare alla performance e all\u2019ultracycling un pubblico pi\u00f9 ampio. L\u2019aspetto economico \u00e8 in secondo piano. Il rapporto tra prezzo\/performance deve essere bilanciato, ogni guadagno eccedente sar\u00e0 usato per supportare altri eventi sportivi. Regole generali Dato che \u00e8 impossibile prevedere tutto in [&hellip;]<\/p>\n","protected":false},"author":1,"featured_media":0,"parent":0,"menu_order":0,"comment_status":"closed","ping_status":"closed","template":"","meta":{"saved_in_kubio":true,"om_disable_all_campaigns":false,"_locale":"it_IT","_original_post":"182","footnotes":""},"class_list":["post-182","page","type-page","status-publish","hentry","it-IT"],"aioseo_notices":[],"kubio_ai_page_context":{"short_desc":"","purpose":"general"},"_links":{"self":[{"href":"https:\/\/timetrial.it\/wp-json\/wp\/v2\/pages\/182","targetHints":{"allow":["GET"]}}],"collection":[{"href":"https:\/\/timetrial.it\/wp-json\/wp\/v2\/pages"}],"about":[{"href":"https:\/\/timetrial.it\/wp-json\/wp\/v2\/types\/page"}],"author":[{"embeddable":true,"href":"https:\/\/timetrial.it\/wp-json\/wp\/v2\/users\/1"}],"replies":[{"embeddable":true,"href":"https:\/\/timetrial.it\/wp-json\/wp\/v2\/comments?post=182"}],"version-history":[{"count":17,"href":"https:\/\/timetrial.it\/wp-json\/wp\/v2\/pages\/182\/revisions"}],"predecessor-version":[{"id":10627,"href":"https:\/\/timetrial.it\/wp-json\/wp\/v2\/pages\/182\/revisions\/10627"}],"wp:attachment":[{"href":"https:\/\/timetrial.it\/wp-json\/wp\/v2\/media?parent=182"}],"curies":[{"name":"wp","href":"https:\/\/api.w.org\/{rel}","templated":true}]}}