{"id":10452,"date":"2024-07-18T10:52:40","date_gmt":"2024-07-18T10:52:40","guid":{"rendered":"https:\/\/timetrial.it\/?page_id=10452"},"modified":"2024-07-18T12:05:43","modified_gmt":"2024-07-18T12:05:43","slug":"presentazione-time-trial","status":"publish","type":"page","link":"https:\/\/timetrial.it\/it\/presentazione-time-trial","title":{"rendered":"Presentazione Time Trial"},"content":{"rendered":"\n<figure class=\"wp-block-image size-large\"><img loading=\"lazy\" decoding=\"async\" width=\"1024\" height=\"576\" src=\"https:\/\/timetrial.it\/wp-content\/uploads\/2024\/04\/SITO-TIME-TRIAL-BASE-1024x576.jpg\" alt=\"\" class=\"wp-image-10348\" srcset=\"https:\/\/timetrial.it\/wp-content\/uploads\/2024\/04\/SITO-TIME-TRIAL-BASE-1024x576.jpg 1024w, https:\/\/timetrial.it\/wp-content\/uploads\/2024\/04\/SITO-TIME-TRIAL-BASE-300x169.jpg 300w, https:\/\/timetrial.it\/wp-content\/uploads\/2024\/04\/SITO-TIME-TRIAL-BASE-768x432.jpg 768w, https:\/\/timetrial.it\/wp-content\/uploads\/2024\/04\/SITO-TIME-TRIAL-BASE-1536x864.jpg 1536w, https:\/\/timetrial.it\/wp-content\/uploads\/2024\/04\/SITO-TIME-TRIAL-BASE.jpg 1920w\" sizes=\"(max-width: 1024px) 100vw, 1024px\" \/><\/figure>\n\n\n\n<p><\/p>\n\n\n\n<p><\/p>\n\n\n\n<p>*Presentazione 24h Lago di Santa Croce*<\/p>\n\n\n\n<p><\/p>\n\n\n\n<p>*Luned\u00ec a La Baita Mussoi la presentazione della prima edizione della 24h del Lago di Santa Croce*<\/p>\n\n\n\n<p>Appuntamento con l&#8217;ultracycling in Alpago il 7 e 8 settembre per l&#8217;edizione 2024 della Time Trial, la 24 ore di ciclismo su strada che rappresenta la tappa finale della coppa italiana di Ultracycling. Dopo l&#8217;appuntamento del Montello, il comune bellunese per la prima volta far\u00e0 da cornice per la proclamazione del campione nazionale della specialit\u00e0 sulle lunghe distanze.<\/p>\n\n\n\n<p>Un&#8217;edizione nuova, rinnovata soprattutto nella location scelta da Roberto Picco, portavoce e mente dell&#8217;Ultracycling Italia. \u00abSolitamente l&#8217;appuntamento con la 24h di fine estate si svolge sulle colline di San Pietro di Feletto, ma quest&#8217;anno abbiamo voluto rendere omaggio alla conca alpagota che negli ultimi anni ha ospitato pi\u00f9 volte il Giro d&#8217;Italia e fa da cornice negli ultimi chilometri dell&#8217;Ultracycling Dolomitica.\u00bb<\/p>\n\n\n\n<p>Cos\u00ec l&#8217;organizzazione ha spostato il campo di gara dalle colline trevigiane alle splendide sponde del Lago di Santa Croce.<\/p>\n\n\n\n<p>Come sempre sono diverse le possibilit\u00e0 di partecipazione: dal self-supported pedalando da solo 24 ore, al team 2 o 4 quindi in squadra. Ma non solo, perch\u00e9 si pu\u00f2 competere anche alla 12 e alla 6 ore.<\/p>\n\n\n\n<p>Della 24h del Lago di Santa Croce se ne parler\u00e0 luned\u00ec 22 luglio alle ore 20.30 presso La Baita Mussoi in via Gregorio XVI a Belluno.<\/p>\n\n\n\n<p>\u00abLuned\u00ec abbiamo pensato a una bicchierata insieme per presentare al pubblico la tappa alpagota della Time Trail\u00bb termina Picco. \u00abL&#8217;intento \u00e8 di illustrare cosa significare partecipare a una 24 ore di ciclismo e comprendere come la possibilit\u00e0 di pedalarla a squadre sia la formula corretta per avvicinarsi a queste tipologie di manifestazioni sportive dove il ciclista non deve avere solamente gambe, ma anche la testa. E&#8217; una sfida con s\u00e9 stessi, dove al traguardo si arriva pi\u00f9 forti mentalmente di quando si \u00e8 partiti.\u00bb<\/p>\n\n\n\n<p>Per qualsiasi informazione \u00e8 possibile contattare Roberto Picco al numero 342 105 8784 oppure il link alla pagina internet&nbsp;<a href=\"https:\/\/timetrial.it\/\" target=\"_blank\" rel=\"noreferrer noopener\">https:\/\/timetrial.it\/<\/a>.<\/p>\n","protected":false},"excerpt":{"rendered":"<p>*Presentazione 24h Lago di Santa Croce* *Luned\u00ec a La Baita Mussoi la presentazione della prima edizione della 24h del Lago di Santa Croce* Appuntamento con l&#8217;ultracycling in Alpago il 7 e 8 settembre per l&#8217;edizione 2024 della Time Trial, la 24 ore di ciclismo su strada che rappresenta la tappa finale della coppa italiana di [&hellip;]<\/p>\n","protected":false},"author":1,"featured_media":0,"parent":0,"menu_order":0,"comment_status":"closed","ping_status":"closed","template":"","meta":{"saved_in_kubio":true,"om_disable_all_campaigns":false,"_locale":"it_IT","_original_post":"10452","footnotes":""},"class_list":["post-10452","page","type-page","status-publish","hentry","it-IT"],"aioseo_notices":[],"kubio_ai_page_context":{"short_desc":"","purpose":"general"},"_links":{"self":[{"href":"https:\/\/timetrial.it\/wp-json\/wp\/v2\/pages\/10452","targetHints":{"allow":["GET"]}}],"collection":[{"href":"https:\/\/timetrial.it\/wp-json\/wp\/v2\/pages"}],"about":[{"href":"https:\/\/timetrial.it\/wp-json\/wp\/v2\/types\/page"}],"author":[{"embeddable":true,"href":"https:\/\/timetrial.it\/wp-json\/wp\/v2\/users\/1"}],"replies":[{"embeddable":true,"href":"https:\/\/timetrial.it\/wp-json\/wp\/v2\/comments?post=10452"}],"version-history":[{"count":2,"href":"https:\/\/timetrial.it\/wp-json\/wp\/v2\/pages\/10452\/revisions"}],"predecessor-version":[{"id":10456,"href":"https:\/\/timetrial.it\/wp-json\/wp\/v2\/pages\/10452\/revisions\/10456"}],"wp:attachment":[{"href":"https:\/\/timetrial.it\/wp-json\/wp\/v2\/media?parent=10452"}],"curies":[{"name":"wp","href":"https:\/\/api.w.org\/{rel}","templated":true}]}}